{"id":729,"date":"2022-11-09T21:37:15","date_gmt":"2022-11-09T20:37:15","guid":{"rendered":"https:\/\/www.bridgez.fr\/?page_id=729"},"modified":"2022-11-09T22:05:56","modified_gmt":"2022-11-09T21:05:56","slug":"accueil","status":"publish","type":"page","link":"https:\/\/www.bridgez.fr\/","title":{"rendered":"Accueil"},"content":{"rendered":"\n<p><\/p>\n\n\n\n<p><strong>Sur ce site, vous pourrez bient\u00f4t:<\/strong><\/p>\n\n\n\n<p>1- R\u00e9servez un salon en ligne pour jouer entre amis 20 donnes au moment o\u00f9 vous le souhaitez pour 3\u20ac<\/p>\n\n\n\n<p>2- Jouer des tournois de 20 donnes avec 4 donnes comment\u00e9es le mercredi soir pour 2\u20ac seulement<\/p>\n\n\n\n<p>3- Jouer des tournois de 20 donnes sans commentaire le dimanche apr\u00e8s-midi pour 1\u20ac seulement<\/p>\n\n\n\n<p><strong>Avantages:<\/strong><\/p>\n\n\n\n<p>1- Pas d&rsquo;abonnement ou de cotisation pour y acc\u00e9der. Vous ne r\u00e9glez que ce que vous voulez jouez.<\/p>\n\n\n\n<p>2- Vous participez \u00e0 un challenge qui r\u00e9compense les mieux class\u00e9s et vous permet de gagner des cadeaux<\/p>\n","protected":false},"excerpt":{"rendered":"<p>Sur ce site, vous pourrez bient\u00f4t: 1- R\u00e9servez un salon en ligne pour jouer entre amis 20 donnes au moment o\u00f9 vous le souhaitez pour 3\u20ac 2- Jouer des tournois de 20 donnes avec 4 donnes comment\u00e9es le mercredi soir pour 2\u20ac seulement 3- Jouer des tournois de 20 donnes sans commentaire le dimanche apr\u00e8s-midi&hellip; <a class=\"more-link\" href=\"https:\/\/www.bridgez.fr\/\">Poursuivre la lecture <span class=\"screen-reader-text\">Accueil<\/span><\/a><\/p>\n","protected":false},"author":1,"featured_media":0,"parent":0,"menu_order":0,"comment_status":"closed","ping_status":"closed","template":"","meta":{"footnotes":""},"class_list":["post-729","page","type-page","status-publish","hentry","entry"],"_links":{"self":[{"href":"https:\/\/www.bridgez.fr\/index.php\/wp-json\/wp\/v2\/pages\/729","targetHints":{"allow":["GET"]}}],"collection":[{"href":"https:\/\/www.bridgez.fr\/index.php\/wp-json\/wp\/v2\/pages"}],"about":[{"href":"https:\/\/www.bridgez.fr\/index.php\/wp-json\/wp\/v2\/types\/page"}],"author":[{"embeddable":true,"href":"https:\/\/www.bridgez.fr\/index.php\/wp-json\/wp\/v2\/users\/1"}],"replies":[{"embeddable":true,"href":"https:\/\/www.bridgez.fr\/index.php\/wp-json\/wp\/v2\/comments?post=729"}],"version-history":[{"count":4,"href":"https:\/\/www.bridgez.fr\/index.php\/wp-json\/wp\/v2\/pages\/729\/revisions"}],"predecessor-version":[{"id":735,"href":"https:\/\/www.bridgez.fr\/index.php\/wp-json\/wp\/v2\/pages\/729\/revisions\/735"}],"wp:attachment":[{"href":"https:\/\/www.bridgez.fr\/index.php\/wp-json\/wp\/v2\/media?parent=729"}],"curies":[{"name":"wp","href":"https:\/\/api.w.org\/{rel}","templated":true}]}}